{"id":4317,"date":"2016-06-02T13:27:12","date_gmt":"2016-06-02T11:27:12","guid":{"rendered":"http:\/\/larissatravel.ee\/et\/%d0%bf%d0%bb%d1%8f%d0%b6%d0%bd%d1%8b%d0%b9-%d0%be%d1%82%d0%b4%d1%8b%d1%85\/%d0%b3%d1%80%d0%b5%d1%86%d0%b8%d1%8f\/"},"modified":"2016-11-06T16:44:12","modified_gmt":"2016-11-06T14:44:12","slug":"gretsiya-sea","status":"publish","type":"page","link":"https:\/\/larissatravel.ee\/et\/plyazhnyiy-otdyih\/gretsiya-sea\/","title":{"rendered":"Kreeka"},"content":{"rendered":"<div class=\"items-grid\"><div class=\"column threecol \">\n\t<div class=\"tour-thumb-container\">\n\t\t<div class=\"tour-thumb\">\n\t\t\t<a href=\"https:\/\/larissatravel.ee\/et\/tour\/kreeta-puhkus\/\"><img width=\"293\" height=\"172\" src=\"https:\/\/larissatravel.ee\/wp-content\/uploads\/2024\/03\/download-2.jpg\" class=\"attachment-preview size-preview wp-post-image\" alt=\"\" decoding=\"async\" loading=\"lazy\" \/><\/a>\n\t\t\t<div class=\"tour-caption\">\n\t\t\t\t<h5 class=\"tour-title\"><a href=\"https:\/\/larissatravel.ee\/et\/tour\/kreeta-puhkus\/\">Kreeta puhkus<\/a><\/h5>\n\t\t\t\t\t\t\t<\/div>\t\t\t\n\t\t<\/div>\n\t\t<div class=\"block-background\"><\/div>\n\t<\/div>\n<\/div><\/div>\n","protected":false},"excerpt":{"rendered":"Meie partneri\u00a0 JOIN UB pakkumised puhkuseks Kreekas, Kreetal.Kreeta saar - p\u00e4ike, soe meri, maitsev toit, suurep\u00e4rane puhkus! K\u00fcsige julgelt pakkumisi e-mailiga\u00a0 info@larissatravel.ee &nbsp; \u2708\ufe0fKreeta, 1\/2 DBL, 7 \u00f6\u00f6d Banana Moon Boutique Hotel 3*+\u00a0BB, al 613 EUR (05.05) Senses Blue Boutique hotel 4*\u00a0BB, al 628 EUR (13.05) Talea Beach 3*\u00a0AI, al 644 EUR (21.05) Palm Bay","protected":false},"author":2,"featured_media":0,"parent":4047,"menu_order":0,"comment_status":"closed","ping_status":"closed","template":"template-grece.php","meta":[],"_links":{"self":[{"href":"https:\/\/larissatravel.ee\/et\/wp-json\/wp\/v2\/pages\/4317"}],"collection":[{"href":"https:\/\/larissatravel.ee\/et\/wp-json\/wp\/v2\/pages"}],"about":[{"href":"https:\/\/larissatravel.ee\/et\/wp-json\/wp\/v2\/types\/page"}],"author":[{"embeddable":true,"href":"https:\/\/larissatravel.ee\/et\/wp-json\/wp\/v2\/users\/2"}],"replies":[{"embeddable":true,"href":"https:\/\/larissatravel.ee\/et\/wp-json\/wp\/v2\/comments?post=4317"}],"version-history":[{"count":3,"href":"https:\/\/larissatravel.ee\/et\/wp-json\/wp\/v2\/pages\/4317\/revisions"}],"predecessor-version":[{"id":5766,"href":"https:\/\/larissatravel.ee\/et\/wp-json\/wp\/v2\/pages\/4317\/revisions\/5766"}],"up":[{"embeddable":true,"href":"https:\/\/larissatravel.ee\/et\/wp-json\/wp\/v2\/pages\/4047"}],"wp:attachment":[{"href":"https:\/\/larissatravel.ee\/et\/wp-json\/wp\/v2\/media?parent=4317"}],"curies":[{"name":"wp","href":"https:\/\/api.w.org\/{rel}","templated":true}]}}