{"id":4040,"date":"2016-05-14T10:58:08","date_gmt":"2016-05-14T10:58:08","guid":{"rendered":"http:\/\/larissatravel.ee\/et\/%d0%b0%d0%b2%d1%82%d0%be%d0%b1%d1%83%d1%81%d0%bd%d1%8b%d0%b5\/"},"modified":"2024-01-20T20:08:31","modified_gmt":"2024-01-20T18:08:31","slug":"avtobusnyie","status":"publish","type":"page","link":"https:\/\/larissatravel.ee\/et\/avtobusnyie\/","title":{"rendered":"Bussireisid"},"content":{"rendered":"<section class=\"wpb-content-wrapper\"><p>[vc_row][vc_column css=&#8221;.vc_custom_1463426787625{margin-bottom: 20px !important;}&#8221;]<div id=\"ultimate-heading-340569fc060f74d8a\" class=\"uvc-heading ult-adjust-bottom-margin ultimate-heading-340569fc060f74d8a uvc-7217 \" data-hspacer=\"no_spacer\"  data-halign=\"left\" style=\"text-align:left\"><div class=\"uvc-heading-spacer no_spacer\" style=\"top\"><\/div><div class=\"uvc-main-heading ult-responsive\"  data-ultimate-target='.uvc-heading.ultimate-heading-340569fc060f74d8a h2'  data-responsive-json-new='{\"font-size\":\"desktop:30px;\",\"line-height\":\"\"}' ><h2 style=\"font-weight:normal;\">Bussireisid<\/h2><\/div><\/div>[\/vc_column][\/vc_row][vc_row][vc_column width=&#8221;1\/2&#8243;][vc_column_text]<div class=\"items-grid\"><\/div>[\/vc_column_text][\/vc_column][vc_column width=&#8221;1\/2&#8243;][vc_column_text]<\/p>\n<h3>REISIKALENDER\u00a0 \u00a02024<\/h3>\n<table width=\"100%\">\n<tbody>\n<tr>\n<td>\n<table width=\"100%\">\n<tbody>\n<tr>\n<td>SUVI 2024<\/td>\n<\/tr>\n<\/tbody>\n<\/table>\n<\/td>\n<\/tr>\n<\/tbody>\n<\/table>\n<table width=\"100%\">\n<tbody>\n<tr>\n<td>\n<table width=\"100%\">\n<tbody>\n<tr>\n<td><\/td>\n<\/tr>\n<\/tbody>\n<\/table>\n<\/td>\n<\/tr>\n<\/tbody>\n<\/table>\n<table width=\"100%\">\n<tbody>\n<tr>\n<td>\n<table width=\"100%\">\n<tbody>\n<tr>\n<td>\n<table width=\"100%\">\n<tbody>\n<tr>\n<td>\n<table width=\"100%\">\n<tbody>\n<tr>\n<td><strong>Eelm\u00fc\u00fcgi kampaania tingimused\u00a0kehtivad broneerimiseks kuni<\/strong>\u00a0<strong>31.01.2024<\/strong>.<\/td>\n<\/tr>\n<\/tbody>\n<\/table>\n<\/td>\n<\/tr>\n<\/tbody>\n<\/table>\n<table width=\"100%\">\n<tbody>\n<tr>\n<td>\n<table width=\"100%\">\n<tbody>\n<tr>\n<td>Suvehooaja sihtkohad:<br \/>\nP\u00f5hja-K\u00fcpros (LCA): lennud v\u00e4ljumisega Tallinnast alates 26.04.-26.07.2024<br \/>\nAlbaania (TIA): lennud v\u00e4ljumisega Tallinnast alates 01.06.-28.09.2024<br \/>\nEvia saar (ATH): lennud v\u00e4ljumisega Tallinnast alates 05.08.-23.09.2024<br \/>\nThassos (KVA): lennud v\u00e4ljumisega Riiast alates 19.05.-22.09.2024<\/td>\n<\/tr>\n<\/tbody>\n<\/table>\n<\/td>\n<\/tr>\n<\/tbody>\n<\/table>\n<\/td>\n<\/tr>\n<\/tbody>\n<\/table>\n<\/td>\n<\/tr>\n<\/tbody>\n<\/table>\n<p>Pakume teile pakettreise merele: T\u00fcrgi, Bulgaaria, Montenegro, Horvaatia, Albaania, Kreeka, Hispaania, Itaalia.<\/p>\n<p>Samuti pakume meie L\u00e4ti partneritelt venekeelseid ekskursioone Euroopas, Aasias, Austraalias, Aafrikas\/vene keeles\/<\/p>\n<p>&nbsp;<\/p>\n<p><strong>Bussireisid\u00a0 Larissa Travel Agency o\u00fc<\/strong><\/p>\n<p>Bussid v\u00e4ljuvad Tallinnast \/Mere pst.5\/ , P\u00e4rnust ka \/Rimi Kaubanduskeskus\/<\/p>\n<p>K\u00f5ik ekskursioonid vene keeles.<\/p>\n<p>K\u00fcsi pakkumist tel. 58554907, 5264565 , e-mail:info@larissatravel.ee<\/p>\n<p>&nbsp;<\/p>\n<hr \/>\n<p>Saksimaa-paleede ja losside maa\u00a0 \u00a0 \u00a0 \u00a0 \u00a0 \u00a0 \u00a0 \u00a0 \u00a0 \u00a0 \u00a0 \u00a0 \u00a0 425\u20ac\u00a0 \u00a0 \u00a0 \u00a025.02-29.02.24<\/p>\n<p>Poola : Gdansk, Sopot, Malbork, Toru\u0144\u00a0 \u00a0 \u00a0 \u00a0 \u00a0 \u00a0 \u00a0 \u00a0300\u20ac\u00a0 \u00a0 \u00a0 27.03-30.03.24<\/p>\n<p>Hollandi lillefestival\u00a0 \u00a0 \u00a0 \u00a0 \u00a0 \u00a0 \u00a0 \u00a0 \u00a0 \u00a0 \u00a0 \u00a0 \u00a0 \u00a0 \u00a0 \u00a0 \u00a0 \u00a0 \u00a0 \u00a0 \u00a0 \u00a0 \u00a0 \u00a0 \u00a0 \u00a0585\u20ac\u00a0 \u00a0 \u00a0 \u00a017.04-23.04.24<\/p>\n<p>Kevad Pariisis + Belgia\u00a0 \u00a0 \u00a0 \u00a0 \u00a0 \u00a0 \u00a0 \u00a0 \u00a0 \u00a0 \u00a0 \u00a0 \u00a0 \u00a0 \u00a0 \u00a0 \u00a0 \u00a0 \u00a0 \u00a0 \u00a0 \u00a0 \u00a0 667\u20ac\u00a0 \u00a0 \u00a0 \u00a027.04-04.05.24<\/p>\n<p>Ungari Kaleidoskoop\u00a0 \u00a0 \u00a0 \u00a0 \u00a0 \u00a0 \u00a0 \u00a0 \u00a0 \u00a0 \u00a0 \u00a0 \u00a0 \u00a0 \u00a0 \u00a0 \u00a0 \u00a0 \u00a0 \u00a0 \u00a0 \u00a0 \u00a0 \u00a0 \u00a0 487\u20ac\u00a0 \u00a0 \u00a0 \u00a004.05-09.05.24<\/p>\n<p>T\u0161ehhi mosaiik\u00a0 \u00a0 \u00a0 \u00a0 \u00a0 \u00a0 \u00a0 \u00a0 \u00a0 \u00a0 \u00a0 \u00a0 \u00a0 \u00a0 \u00a0 \u00a0 \u00a0 \u00a0 \u00a0 \u00a0 \u00a0 \u00a0 \u00a0 \u00a0 \u00a0 \u00a0 \u00a0 \u00a0 \u00a0 \u00a0 \u00a0 499\u20ac\u00a0 \u00a0 \u00a0 11-16.05.24<\/p>\n<p>Leedu:Klaipeda,Kura s\u00e4\u00e4r,Palanga\u00a0 \u00a0 \u00a0 \u00a0 \u00a0 \u00a0 \u00a0 \u00a0 \u00a0 \u00a0 \u00a0 \u00a0 \u00a0 \u00a0 249\u20ac\u00a0 \u00a0 \u00a0 17-19.05.24<\/p>\n<p>2 pealinna: Vilnius ja Riia\u00a0 \u00a0 \u00a0 \u00a0 \u00a0 \u00a0 \u00a0 \u00a0 \u00a0 \u00a0 \u00a0 \u00a0 \u00a0 \u00a0 \u00a0 \u00a0 \u00a0 \u00a0 \u00a0 \u00a0 \u00a0 \u00a0 259\u20ac\u00a0 \u00a0 \u00a0 \u00a024-26.04.24<\/p>\n<p>Blitz:Slovakkia,Austria,T\u0161ehhi Vabariik\u00a0 \u00a0 \u00a0 \u00a0 \u00a0 \u00a0 \u00a0 \u00a0 \u00a0 \u00a0499\u20ac\u00a0 \u00a0 \u00a0 \u00a0 25-30.05.24<\/p>\n<p>Horvaatia: Krk saar koos puhkusega\u00a0 \u00a0 \u00a0 \u00a0 \u00a0 \u00a0 \u00a0 \u00a0 \u00a0 \u00a0 \u00a0 745\u20ac\u00a0 \u00a0 \u00a0 \u00a0 28.05-06.06.24<\/p>\n<p>Horvaatia: Piraat Omis puhkusega\u00a0 \u00a0 \u00a0 \u00a0 \u00a0 \u00a0 \u00a0 \u00a0 \u00a0 \u00a0 \u00a0 \u00a0 \u00a0 \u00a0745\u20ac\u00a0 \u00a0 \u00a0 \u00a0 06-16.06.24<\/p>\n<p>V\u00f5\u00f5ras Serbia + Budapest &amp; Viin\u00a0 \u00a0 \u00a0 \u00a0 \u00a0 \u00a0 \u00a0 \u00a0 \u00a0 \u00a0 \u00a0 \u00a0 \u00a0 \u00a0 \u00a0 595\u20ac\u00a0 \u00a0 \u00a0 \u00a0 21-28.06.24<\/p>\n<p>Baierimaa ja T\u0161ehhi Vabariik\u00a0 \u00a0 \u00a0 \u00a0 \u00a0 \u00a0 \u00a0 \u00a0 \u00a0 \u00a0 \u00a0 \u00a0 \u00a0 \u00a0 \u00a0 \u00a0 \u00a0 \u00a0 555\u20ac\u00a0 \u00a0 \u00a0 \u00a0 29.06-04.07.24<\/p>\n<p>Ilu jaoks: Prantsusmaa C\u00f4te d&#8217;Azur\u00a0 \u00a0 \u00a0 \u00a0 \u00a0 \u00a0 \u00a0 \u00a0 \u00a0 \u00a0 \u00a0 \u00a0 \u00a0775\u20ac\u00a0 \u00a0 \u00a0 \u00a0 27.06-05.07.24<\/p>\n<p>Kohtumispaik:Varssavi, Krakow, Praha\u00a0 \u00a0 \u00a0 \u00a0 \u00a0 \u00a0 \u00a0 \u00a0 465\u20ac\u00a0 \u00a0 \u00a0 \u00a0 06-11.07.24<\/p>\n<p>+ Dresden<\/p>\n<p>Bastille&#8217; p\u00e4ev Pariisis + Belgia\u00a0 \u00a0 \u00a0 \u00a0 \u00a0 \u00a0 \u00a0 \u00a0 \u00a0 \u00a0 \u00a0 \u00a0 \u00a0 \u00a0 \u00a0 \u00a0 \u00a0 667\u20ac\u00a0 \u00a0 \u00a0 \u00a0 10-17.07.24<\/p>\n<p>3 Doonau p\u00e4rlit: Bratislava, Viin, Budapest\u00a0 \u00a0 \u00a0 \u00a0 \u00a0 499\u20ac\u00a0 \u00a0 \u00a0 \u00a0 \u00a013.07-18.07.24<\/p>\n<p>Holland on tuuleveskite, kanalite ja\u00a0 \u00a0 \u00a0 \u00a0 \u00a0 \u00a0 \u00a0 \u00a0 \u00a0 \u00a0 \u00a0 \u00a0 585\u20ac\u00a0 \u00a0 \u00a0 \u00a0 \u00a026.07-01.08.24<\/p>\n<p>\u00f5nnelike inimeste riik<\/p>\n<p>Perfect Trio: Saksamaa, \u0160veits, Prantsusmaa\u00a0 \u00a0 \u00a0 \u00a0 625\u20ac\u00a0 \u00a0 \u00a0 \u00a0 30.07-05.08.24<\/p>\n<p>Suvi Serbias, Budapestis ja Viinis\u00a0 \u00a0 \u00a0 \u00a0 \u00a0 \u00a0 \u00a0 \u00a0 \u00a0 \u00a0 \u00a0 \u00a0 \u00a0 \u00a0 \u00a0 585\u20ac\u00a0 \u00a0 \u00a0 \u00a010-17.08.24<\/p>\n<p>Puhkus Horvaatia \u041auldsel saarel\u00a0 \u00a0 \u00a0 \u00a0 \u00a0 \u00a0 \u00a0 \u00a0 \u00a0 \u00a0 \u00a0 \u00a0 \u00a0 \u00a0 \u00a0 \u00a0 745\u20ac\u00a0 \u00a0 \u00a029.08-07.09.24<\/p>\n<p>Samethooaeg Horvaatias: Omis\u00a0 \u00a0 \u00a0 \u00a0 \u00a0 \u00a0 \u00a0 \u00a0 \u00a0 \u00a0 \u00a0 \u00a0 \u00a0 \u00a0 \u00a0 \u00a0 \u00a0745\u20ac\u00a0 \u00a0 \u00a0 \u00a0 12-22.09.24<\/p>\n<p>Piraat Omis ja mandariini korjamine Horvaatias\u00a0 \u00a0745\u20ac\u00a0 \u00a0 \u00a0 \u00a026.09-06.10.24<\/p>\n<p>UNESCO t\u00e4htkujust-Austria ja Tsehhi\u00a0 \u00a0 \u00a0 \u00a0 \u00a0 \u00a0 \u00a0 \u00a0 \u00a0 \u00a0475\u20ac\u00a0 \u00a0 \u00a0 \u00a0 01.05-06.05.23<\/p>\n<p>Klaipeda,Kuramaa ja merevaik\u00a0 \u00a0 \u00a0 \u00a0 \u00a0 \u00a0 \u00a0 \u00a0 \u00a0 \u00a0 \u00a0 \u00a0 \u00a0 \u00a0 \u00a0 \u00a0 \u00a0225\u20ac\u00a0 \u00a0 \u00a0 \u00a0 12.05-14.05.23<\/p>\n<p>Poola weekend\/Bialystok\u00a0 \u00a0 \u00a0 \u00a0 \u00a0 \u00a0 \u00a0 \u00a0 \u00a0 \u00a0 \u00a0 \u00a0 \u00a0 \u00a0 \u00a0 \u00a0 \u00a0 \u00a0 \u00a0 \u00a0 \u00a0 \u00a0255\u20ac\u00a0 \u00a0 \u00a0 \u00a0 \u00a020-22.05.23<\/p>\n<p>Piraat Omis,Horvaatia\u00a0 \u00a0 \u00a0 \u00a0 \u00a0 \u00a0 \u00a0 \u00a0 \u00a0 \u00a0 \u00a0 \u00a0 \u00a0 \u00a0 \u00a0 \u00a0 \u00a0 \u00a0 \u00a0 \u00a0 \u00a0 \u00a0 \u00a0 \u00a0 \u00a0695\u20ac\u00a0 \u00a0 \u00a0 \u00a0 \u00a008-18.06.23<\/p>\n<p>Budapest-madjaride uhkus+Viin\u00a0 \u00a0 \u00a0 \u00a0 \u00a0 \u00a0 \u00a0 \u00a0 \u00a0 \u00a0 \u00a0 \u00a0 \u00a0 \u00a0 \u00a0 \u00a0499\u20ac\u00a0 \u00a0 \u00a0 \u00a026.06-2.07.23<\/p>\n<p>Leedu juulis\u00a0 \u00a0 \u00a0 \u00a0 \u00a0 \u00a0 \u00a0 \u00a0 \u00a0 \u00a0 \u00a0 \u00a0 \u00a0 \u00a0 \u00a0 \u00a0 \u00a0 \u00a0 \u00a0 \u00a0 \u00a0 \u00a0 \u00a0 \u00a0 \u00a0 \u00a0 \u00a0 \u00a0 \u00a0 \u00a0 \u00a0 \u00a0 \u00a0 \u00a0 \u00a0 225\u20ac\u00a0 \u00a0 \u00a0 \u00a0 05-07.07.23<\/p>\n<p>Pariis ja Belgia\u00a0 \u00a0 \u00a0 \u00a0 \u00a0 \u00a0 \u00a0 \u00a0 \u00a0 \u00a0 \u00a0 \u00a0 \u00a0 \u00a0 \u00a0 \u00a0 \u00a0 \u00a0 \u00a0 \u00a0 \u00a0 \u00a0 \u00a0 \u00a0 \u00a0 \u00a0 \u00a0 \u00a0 \u00a0 \u00a0 \u00a0 \u00a0 \u00a0569\u20ac\u00a0 \u00a0 \u00a0 \u00a010-17.07.23<\/p>\n<p>Piraat Omis,Horvaatia\u00a0 \u00a0 \u00a0 \u00a0 \u00a0 \u00a0 \u00a0 \u00a0 \u00a0 \u00a0 \u00a0 \u00a0 \u00a0 \u00a0 \u00a0 \u00a0 \u00a0 \u00a0 \u00a0 \u00a0 \u00a0 \u00a0 \u00a0 \u00a0 \u00a0 \u00a0 695\u20ac\u00a0 \u00a0 \u00a0 \u00a014-24.09.23<\/p>\n<p>&nbsp;<\/p>\n<p>&nbsp;<\/p>\n<p>&nbsp;<\/p>\n<p>&nbsp;<\/p>\n<p>[\/vc_column_text][\/vc_column][\/vc_row]<\/p>\n<\/section>","protected":false},"excerpt":{"rendered":"<p>[vc_row][vc_column css=&#8221;.vc_custom_1463426787625{margin-bottom: 20px !important;}&#8221;][\/vc_column][\/vc_row][vc_row][vc_column width=&#8221;1\/2&#8243;][vc_column_text][\/vc_column_text][\/vc_column][vc_column width=&#8221;1\/2&#8243;][vc_column_text] REISIKALENDER\u00a0 \u00a02024 SUVI 2024 Eelm\u00fc\u00fcgi kampaania tingimused\u00a0kehtivad broneerimiseks kuni\u00a031.01.2024. Suvehooaja sihtkohad: P\u00f5hja-K\u00fcpros (LCA): lennud v\u00e4ljumisega Tallinnast alates 26.04.-26.07.2024 Albaania (TIA): lennud v\u00e4ljumisega Tallinnast alates 01.06.-28.09.2024 Evia saar (ATH): lennud v\u00e4ljumisega Tallinnast alates 05.08.-23.09.2024 Thassos (KVA): lennud v\u00e4ljumisega Riiast alates 19.05.-22.09.2024 Pakume teile pakettreise merele: T\u00fcrgi, Bulgaaria, Montenegro, Horvaatia, Albaania,<\/p>\n","protected":false},"author":2,"featured_media":12165,"parent":0,"menu_order":0,"comment_status":"closed","ping_status":"closed","template":"","meta":[],"_links":{"self":[{"href":"https:\/\/larissatravel.ee\/et\/wp-json\/wp\/v2\/pages\/4040"}],"collection":[{"href":"https:\/\/larissatravel.ee\/et\/wp-json\/wp\/v2\/pages"}],"about":[{"href":"https:\/\/larissatravel.ee\/et\/wp-json\/wp\/v2\/types\/page"}],"author":[{"embeddable":true,"href":"https:\/\/larissatravel.ee\/et\/wp-json\/wp\/v2\/users\/2"}],"replies":[{"embeddable":true,"href":"https:\/\/larissatravel.ee\/et\/wp-json\/wp\/v2\/comments?post=4040"}],"version-history":[{"count":53,"href":"https:\/\/larissatravel.ee\/et\/wp-json\/wp\/v2\/pages\/4040\/revisions"}],"predecessor-version":[{"id":14260,"href":"https:\/\/larissatravel.ee\/et\/wp-json\/wp\/v2\/pages\/4040\/revisions\/14260"}],"wp:featuredmedia":[{"embeddable":true,"href":"https:\/\/larissatravel.ee\/et\/wp-json\/wp\/v2\/media\/12165"}],"wp:attachment":[{"href":"https:\/\/larissatravel.ee\/et\/wp-json\/wp\/v2\/media?parent=4040"}],"curies":[{"name":"wp","href":"https:\/\/api.w.org\/{rel}","templated":true}]}}