{"id":3968,"date":"2016-05-16T14:40:17","date_gmt":"2016-05-16T14:40:17","guid":{"rendered":"http:\/\/larissatravel.ee\/en\/%d0%b3%d0%be%d1%80%d1%8f%d1%89%d0%b8%d0%b5-%d0%bf%d1%80%d0%b5%d0%b4%d0%bb%d0%be%d0%b6%d0%b5%d0%bd%d0%b8%d1%8f\/"},"modified":"2016-11-06T16:08:50","modified_gmt":"2016-11-06T14:08:50","slug":"goryashhie-predlozheniya","status":"publish","type":"page","link":"https:\/\/larissatravel.ee\/en\/goryashhie-predlozheniya\/","title":{"rendered":"Hot tours"},"content":{"rendered":"<section class=\"wpb-content-wrapper\"><p>[vc_row][vc_column css=&#8221;.vc_custom_1463426787625{margin-bottom: 20px !important;}&#8221;]<div id=\"ultimate-heading-463669f4380958831\" class=\"uvc-heading ult-adjust-bottom-margin ultimate-heading-463669f4380958831 uvc-787 \" data-hspacer=\"no_spacer\"  data-halign=\"left\" style=\"text-align:left\"><div class=\"uvc-heading-spacer no_spacer\" style=\"top\"><\/div><div class=\"uvc-main-heading ult-responsive\"  data-ultimate-target='.uvc-heading.ultimate-heading-463669f4380958831 h2'  data-responsive-json-new='{\"font-size\":\"desktop:30px;\",\"line-height\":\"\"}' ><h2 style=\"font-weight:normal;\">Hot tours<\/h2><\/div><\/div>[\/vc_column][\/vc_row][vc_row][vc_column][vc_column_text]<div class=\"items-grid\"><div class=\"column threecol \">\n\t<div class=\"tour-thumb-container\">\n\t\t<div class=\"tour-thumb\">\n\t\t\t<a href=\"https:\/\/larissatravel.ee\/en\/tour\/otdyih-v-salou-ispaniya\/\"><img width=\"275\" height=\"183\" src=\"https:\/\/larissatravel.ee\/wp-content\/uploads\/2018\/01\/images.jpg\" class=\"attachment-preview size-preview wp-post-image\" alt=\"\" decoding=\"async\" loading=\"lazy\" \/><\/a>\n\t\t\t<div class=\"tour-caption\">\n\t\t\t\t<h5 class=\"tour-title\"><a href=\"https:\/\/larissatravel.ee\/en\/tour\/otdyih-v-salou-ispaniya\/\">\u041e\u0442\u0434\u044b\u0445 \u0432 \u0421\u0430\u043b\u043e\u0443.\u0418\u0441\u043f\u0430\u043d\u0438\u044f<\/a><\/h5>\n\t\t\t\t\t\t\t\t<div class=\"tour-meta\">\n\t\t\t\t\t\t\t\t\t\t\t\t\t\t\t<div class=\"tour-duration\">9 days<\/div>\n\t\t\t\t\t\t\t\t\t<\/div>\n\t\t\t\t\t\t\t<\/div>\t\t\t\n\t\t<\/div>\n\t\t<div class=\"block-background\"><\/div>\n\t<\/div>\n<\/div><div class=\"column threecol \">\n\t<div class=\"tour-thumb-container\">\n\t\t<div class=\"tour-thumb\">\n\t\t\t<a href=\"https:\/\/larissatravel.ee\/en\/tour\/kuba-s-otdyihom-v-varadero\/\"><img width=\"275\" height=\"183\" src=\"https:\/\/larissatravel.ee\/wp-content\/uploads\/2017\/12\/images-2.jpg\" class=\"attachment-preview size-preview wp-post-image\" alt=\"\" decoding=\"async\" loading=\"lazy\" \/><\/a>\n\t\t\t<div class=\"tour-caption\">\n\t\t\t\t<h5 class=\"tour-title\"><a href=\"https:\/\/larissatravel.ee\/en\/tour\/kuba-s-otdyihom-v-varadero\/\">\u041a\u0443\u0431\u0430 \u0441 \u043e\u0442\u0434\u044b\u0445\u043e\u043c \u0432 \u0412\u0430\u0440\u0430\u0434\u0435\u0440\u043e<\/a><\/h5>\n\t\t\t\t\t\t\t\t<div class=\"tour-meta\">\n\t\t\t\t\t\t\t\t\t\t\t\t\t\t\t<div class=\"tour-duration\">9 days<\/div>\n\t\t\t\t\t\t\t\t\t<\/div>\n\t\t\t\t\t\t\t<\/div>\t\t\t\n\t\t<\/div>\n\t\t<div class=\"block-background\"><\/div>\n\t<\/div>\n<\/div><div class=\"column threecol \">\n\t<div class=\"tour-thumb-container\">\n\t\t<div class=\"tour-thumb\">\n\t\t\t<a href=\"https:\/\/larissatravel.ee\/en\/tour\/turtsiya-na-4-6-nochey\/\"><img width=\"277\" height=\"182\" src=\"https:\/\/larissatravel.ee\/wp-content\/uploads\/2017\/11\/download-1-3.jpg\" class=\"attachment-preview size-preview wp-post-image\" alt=\"\" decoding=\"async\" loading=\"lazy\" \/><\/a>\n\t\t\t<div class=\"tour-caption\">\n\t\t\t\t<h5 class=\"tour-title\"><a href=\"https:\/\/larissatravel.ee\/en\/tour\/turtsiya-na-4-6-nochey\/\">Ebastandartsed paketid reisimiseks T\u00fcrki 4-6 \u00f6\u00f6ks<\/a><\/h5>\n\t\t\t\t\t\t\t<\/div>\t\t\t\n\t\t<\/div>\n\t\t<div class=\"block-background\"><\/div>\n\t<\/div>\n<\/div><div class=\"column threecol last\">\n\t<div class=\"tour-thumb-container\">\n\t\t<div class=\"tour-thumb\">\n\t\t\t<a href=\"https:\/\/larissatravel.ee\/en\/tour\/bangkok-pattayya-reka-kvay-phuket\/\"><img width=\"300\" height=\"168\" src=\"https:\/\/larissatravel.ee\/wp-content\/uploads\/2017\/11\/images-2-1.jpg\" class=\"attachment-preview size-preview wp-post-image\" alt=\"\" decoding=\"async\" loading=\"lazy\" \/><\/a>\n\t\t\t<div class=\"tour-caption\">\n\t\t\t\t<h5 class=\"tour-title\"><a href=\"https:\/\/larissatravel.ee\/en\/tour\/bangkok-pattayya-reka-kvay-phuket\/\">\u0411\u0430\u043d\u0433\u043a\u043e\u043a-\u041f\u0430\u0442\u0442\u0430\u0439\u044f-\u0440\u0435\u043a\u0430 \u041a\u0432\u0430\u0439-\u041f\u0445\u0443\u043a\u0435\u0442<\/a><\/h5>\n\t\t\t\t\t\t\t\t<div class=\"tour-meta\">\n\t\t\t\t\t\t\t\t\t\t\t\t\t\t\t<div class=\"tour-duration\">15 days<\/div>\n\t\t\t\t\t\t\t\t\t<\/div>\n\t\t\t\t\t\t\t<\/div>\t\t\t\n\t\t<\/div>\n\t\t<div class=\"block-background\"><\/div>\n\t<\/div>\n<\/div><div class=\"clear\"><\/div><div class=\"column threecol \">\n\t<div class=\"tour-thumb-container\">\n\t\t<div class=\"tour-thumb\">\n\t\t\t<a href=\"https:\/\/larissatravel.ee\/en\/tour\/kuala-lumpur-i-ostrov-pangkor\/\"><img width=\"275\" height=\"183\" src=\"https:\/\/larissatravel.ee\/wp-content\/uploads\/2017\/11\/download-2-1.jpg\" class=\"attachment-preview size-preview wp-post-image\" alt=\"\" decoding=\"async\" loading=\"lazy\" \/><\/a>\n\t\t\t<div class=\"tour-caption\">\n\t\t\t\t<h5 class=\"tour-title\"><a href=\"https:\/\/larissatravel.ee\/en\/tour\/kuala-lumpur-i-ostrov-pangkor\/\">\u041a\u0443\u0430\u043b\u0430-\u041b\u0443\u043c\u043f\u0443\u0440 \u0438 \u043e\u0441\u0442\u0440\u043e\u0432 \u041f\u0430\u043d\u0433\u043a\u043e\u0440<\/a><\/h5>\n\t\t\t\t\t\t\t\t<div class=\"tour-meta\">\n\t\t\t\t\t\t\t\t\t\t\t\t\t\t\t<div class=\"tour-duration\">14 days<\/div>\n\t\t\t\t\t\t\t\t\t<\/div>\n\t\t\t\t\t\t\t<\/div>\t\t\t\n\t\t<\/div>\n\t\t<div class=\"block-background\"><\/div>\n\t<\/div>\n<\/div><div class=\"column threecol \">\n\t<div class=\"tour-thumb-container\">\n\t\t<div class=\"tour-thumb\">\n\t\t\t<a href=\"https:\/\/larissatravel.ee\/en\/tour\/malta-2018\/\"><img width=\"299\" height=\"168\" src=\"https:\/\/larissatravel.ee\/wp-content\/uploads\/2017\/10\/download-4.jpg\" class=\"attachment-preview size-preview wp-post-image\" alt=\"\" decoding=\"async\" loading=\"lazy\" \/><\/a>\n\t\t\t<div class=\"tour-caption\">\n\t\t\t\t<h5 class=\"tour-title\"><a href=\"https:\/\/larissatravel.ee\/en\/tour\/malta-2018\/\">Malta 2018!<\/a><\/h5>\n\t\t\t\t\t\t\t<\/div>\t\t\t\n\t\t<\/div>\n\t\t<div class=\"block-background\"><\/div>\n\t<\/div>\n<\/div><div class=\"column threecol \">\n\t<div class=\"tour-thumb-container\">\n\t\t<div class=\"tour-thumb\">\n\t\t\t<a href=\"https:\/\/larissatravel.ee\/en\/tour\/rannee-bronirovanie-egipet-hurgada\/\"><img width=\"440\" height=\"330\" src=\"https:\/\/larissatravel.ee\/wp-content\/uploads\/2016\/07\/Egipet-hurgada-krasnoe-more-440x330.jpg\" class=\"attachment-preview size-preview wp-post-image\" alt=\"\" decoding=\"async\" loading=\"lazy\" \/><\/a>\n\t\t\t<div class=\"tour-caption\">\n\t\t\t\t<h5 class=\"tour-title\"><a href=\"https:\/\/larissatravel.ee\/en\/tour\/rannee-bronirovanie-egipet-hurgada\/\">\u0420\u0430\u043d\u043d\u0435\u0435 \u0431\u0440\u043e\u043d\u0438\u0440\u043e\u0432\u0430\u043d\u0438\u0435.\u0415\u0433\u0438\u043f\u0435\u0442-\u0425\u0443\u0440\u0433\u0430\u0434\u0430<\/a><\/h5>\n\t\t\t\t\t\t\t\t<div class=\"tour-meta\">\n\t\t\t\t\t\t\t\t\t\t\t\t\t\t\t<div class=\"tour-duration\">10 days<\/div>\n\t\t\t\t\t\t\t\t\t<\/div>\n\t\t\t\t\t\t\t<\/div>\t\t\t\n\t\t<\/div>\n\t\t<div class=\"block-background\"><\/div>\n\t<\/div>\n<\/div><\/div>[\/vc_column_text][\/vc_column][\/vc_row]<\/p>\n<\/section>","protected":false},"excerpt":{"rendered":"<p>[vc_row][vc_column css=&#8221;.vc_custom_1463426787625{margin-bottom: 20px !important;}&#8221;][\/vc_column][\/vc_row][vc_row][vc_column][vc_column_text][\/vc_column_text][\/vc_column][\/vc_row]<\/p>\n","protected":false},"author":2,"featured_media":0,"parent":0,"menu_order":0,"comment_status":"closed","ping_status":"closed","template":"","meta":[],"_links":{"self":[{"href":"https:\/\/larissatravel.ee\/en\/wp-json\/wp\/v2\/pages\/3968"}],"collection":[{"href":"https:\/\/larissatravel.ee\/en\/wp-json\/wp\/v2\/pages"}],"about":[{"href":"https:\/\/larissatravel.ee\/en\/wp-json\/wp\/v2\/types\/page"}],"author":[{"embeddable":true,"href":"https:\/\/larissatravel.ee\/en\/wp-json\/wp\/v2\/users\/2"}],"replies":[{"embeddable":true,"href":"https:\/\/larissatravel.ee\/en\/wp-json\/wp\/v2\/comments?post=3968"}],"version-history":[{"count":4,"href":"https:\/\/larissatravel.ee\/en\/wp-json\/wp\/v2\/pages\/3968\/revisions"}],"predecessor-version":[{"id":5728,"href":"https:\/\/larissatravel.ee\/en\/wp-json\/wp\/v2\/pages\/3968\/revisions\/5728"}],"wp:attachment":[{"href":"https:\/\/larissatravel.ee\/en\/wp-json\/wp\/v2\/media?parent=3968"}],"curies":[{"name":"wp","href":"https:\/\/api.w.org\/{rel}","templated":true}]}}